{"id":641,"date":"2013-10-02T21:21:11","date_gmt":"2013-10-02T18:21:11","guid":{"rendered":"http:\/\/wordpressemlaktemasi.com\/v2\/?page_id=2"},"modified":"2024-12-25T16:22:09","modified_gmt":"2024-12-25T13:22:09","slug":"kurumsal","status":"publish","type":"page","link":"https:\/\/www.pasha5.com\/index.php\/kurumsal\/","title":{"rendered":"Kurumsal"},"content":{"rendered":"<p><strong>Pasha Gayrimenkul Hakk\u0131nda<\/strong><\/p>\n<p>2013 y\u0131l\u0131nda Ayd\u0131n\u2019da temelleri at\u0131lan Pasha Gayrimenkul, gayrimenkul sekt\u00f6r\u00fcnde fark yaratma hedefiyle kurumsal hizmet anlay\u0131\u015f\u0131n\u0131 benimseyerek faaliyetlerini s\u00fcrd\u00fcrmektedir.<\/p>\n<p>M\u00fc\u015fterilerimizin gayrimenkul s\u00fcre\u00e7lerinde ihtiya\u00e7 duydu\u011fu her a\u015famada g\u00fcvenilir bir rehber olmay\u0131 ilke edinmi\u015f bulunuyoruz. Misyonumuz, her bir m\u00fc\u015fterimize en \u00fcst d\u00fczeyde, kesintisiz ve profesyonel hizmet sunarak onlar\u0131n hedeflerine h\u0131zl\u0131 ve etkin bir \u015fekilde ula\u015fmalar\u0131n\u0131 sa\u011flamakt\u0131r.<\/p>\n<p>Pasha Gayrimenkul olarak ba\u015far\u0131m\u0131z\u0131n temelini, alan\u0131nda uzman, s\u00fcrekli kendini geli\u015ftiren, yeniliklere a\u00e7\u0131k ve ald\u0131\u011f\u0131 e\u011fitimlerle bilgi birikimini g\u00fcncelleyen g\u00fc\u00e7l\u00fc bir ekip olu\u015fturmaktad\u0131r. Dan\u0131\u015fman kadromuz, yaln\u0131zca gayrimenkul s\u00fcre\u00e7lerinizi y\u00f6netmekle kalmay\u0131p, ayn\u0131 zamanda sizin i\u00e7in en do\u011fru \u00e7\u00f6z\u00fcmleri \u00fcreterek bir ad\u0131m \u00f6nde olman\u0131z\u0131 hedefler.<\/p>\n<p>M\u00fc\u015fteri odakl\u0131 yakla\u015f\u0131m\u0131m\u0131z sayesinde her bir i\u015flemi bireysel bir ba\u015far\u0131 hikayesi olarak g\u00f6r\u00fcr, ihtiya\u00e7lar\u0131n\u0131z\u0131 anlamak ve beklentilerinizi a\u015fmak i\u00e7in \u00e7al\u0131\u015f\u0131r\u0131z. Gayrimenkul ihtiya\u00e7lar\u0131n\u0131za y\u00f6nelik \u00e7\u00f6z\u00fcm odakl\u0131 yakla\u015f\u0131mlar\u0131m\u0131z, \u015feffaf ileti\u015fim anlay\u0131\u015f\u0131m\u0131z ve g\u00fc\u00e7l\u00fc ekip ruhumuzla yan\u0131n\u0131zday\u0131z.<\/p>\n<p>Pasha Gayrimenkul olarak, sekt\u00f6rdeki ba\u015far\u0131m\u0131z\u0131 her ge\u00e7en g\u00fcn artan m\u00fc\u015fteri memnuniyeti ve g\u00fcveniyle ta\u00e7land\u0131rmaktan gurur duyuyoruz.<\/p>\n","protected":false},"excerpt":{"rendered":"<p>Pasha Gayrimenkul Hakk\u0131nda 2013 y\u0131l\u0131nda Ayd\u0131n\u2019da temelleri at\u0131lan Pasha Gayrimenkul, gayrimenkul sekt\u00f6r\u00fcnde fark yaratma hedefiyle kurumsal hizmet anlay\u0131\u015f\u0131n\u0131 benimseyerek faaliyetlerini s\u00fcrd\u00fcrmektedir. M\u00fc\u015fterilerimizin gayrimenkul s\u00fcre\u00e7lerinde ihtiya\u00e7 duydu\u011fu her a\u015famada g\u00fcvenilir bir rehber olmay\u0131 ilke edinmi\u015f bulunuyoruz. Misyonumuz, her bir m\u00fc\u015fterimize en \u00fcst d\u00fczeyde, kesintisiz ve profesyonel hizmet sunarak onlar\u0131n hedeflerine h\u0131zl\u0131 ve etkin bir \u015fekilde ula\u015fmalar\u0131n\u0131 [&hellip;]<\/p>\n","protected":false},"author":1,"featured_media":0,"parent":0,"menu_order":0,"comment_status":"open","ping_status":"closed","template":"","meta":{"footnotes":""},"class_list":["post-641","page","type-page","status-publish","hentry"],"_links":{"self":[{"href":"https:\/\/www.pasha5.com\/index.php\/wp-json\/wp\/v2\/pages\/641","targetHints":{"allow":["GET"]}}],"collection":[{"href":"https:\/\/www.pasha5.com\/index.php\/wp-json\/wp\/v2\/pages"}],"about":[{"href":"https:\/\/www.pasha5.com\/index.php\/wp-json\/wp\/v2\/types\/page"}],"author":[{"embeddable":true,"href":"https:\/\/www.pasha5.com\/index.php\/wp-json\/wp\/v2\/users\/1"}],"replies":[{"embeddable":true,"href":"https:\/\/www.pasha5.com\/index.php\/wp-json\/wp\/v2\/comments?post=641"}],"version-history":[{"count":2,"href":"https:\/\/www.pasha5.com\/index.php\/wp-json\/wp\/v2\/pages\/641\/revisions"}],"predecessor-version":[{"id":3843,"href":"https:\/\/www.pasha5.com\/index.php\/wp-json\/wp\/v2\/pages\/641\/revisions\/3843"}],"wp:attachment":[{"href":"https:\/\/www.pasha5.com\/index.php\/wp-json\/wp\/v2\/media?parent=641"}],"curies":[{"name":"wp","href":"https:\/\/api.w.org\/{rel}","templated":true}]}}